{"id":10972,"date":"2022-11-11T10:31:27","date_gmt":"2022-11-11T01:31:27","guid":{"rendered":"https:\/\/demo2.wpthemego.com\/themes\/sw_emarket\/layout52\/?page_id=10972"},"modified":"2024-08-12T20:28:52","modified_gmt":"2024-08-12T20:28:52","slug":"sobre-nos","status":"publish","type":"page","link":"https:\/\/managersoftware.com.br\/?page_id=10972","title":{"rendered":"Sobre N\u00f3s"},"content":{"rendered":"\t\t<div data-elementor-type=\"wp-page\" data-elementor-id=\"10972\" class=\"elementor elementor-10972\" data-elementor-post-type=\"page\">\n\t\t\t\t\t\t<section class=\"elementor-section elementor-top-section elementor-element elementor-element-f9b5aea elementor-section-boxed elementor-section-height-default elementor-section-height-default\" data-id=\"f9b5aea\" data-element_type=\"section\">\n\t\t\t\t\t\t<div class=\"elementor-container elementor-column-gap-default\">\n\t\t\t\t\t<div class=\"elementor-column elementor-col-50 elementor-top-column elementor-element elementor-element-e80c7a6\" data-id=\"e80c7a6\" data-element_type=\"column\">\n\t\t\t<div class=\"elementor-widget-wrap elementor-element-populated\">\n\t\t\t\t\t\t<div class=\"elementor-element elementor-element-9a8c21b elementor-invisible elementor-widget elementor-widget-image\" data-id=\"9a8c21b\" data-element_type=\"widget\" data-settings=\"{&quot;_animation&quot;:&quot;fadeInLeft&quot;}\" data-widget_type=\"image.default\">\n\t\t\t\t<div class=\"elementor-widget-container\">\n\t\t\t\t\t\t\t\t\t\t\t\t\t<img fetchpriority=\"high\" decoding=\"async\" width=\"630\" height=\"630\" src=\"https:\/\/managersoftware.com.br\/wp-content\/uploads\/2024\/08\/Design-sem-nome-2024-08-08T175219.059.png\" class=\"attachment-large size-large wp-image-12686\" alt=\"Design sem nome - 2024-08-08T175219.059\" srcset=\"https:\/\/managersoftware.com.br\/wp-content\/uploads\/2024\/08\/Design-sem-nome-2024-08-08T175219.059.png 630w, https:\/\/managersoftware.com.br\/wp-content\/uploads\/2024\/08\/Design-sem-nome-2024-08-08T175219.059-300x300.png 300w, https:\/\/managersoftware.com.br\/wp-content\/uploads\/2024\/08\/Design-sem-nome-2024-08-08T175219.059-150x150.png 150w\" sizes=\"(max-width: 630px) 100vw, 630px\" title=\"Design sem nome - 2024-08-08T175219.059\" \/>\t\t\t\t\t\t\t\t\t\t\t\t\t<\/div>\n\t\t\t\t<\/div>\n\t\t\t\t\t<\/div>\n\t\t<\/div>\n\t\t\t\t<div class=\"elementor-column elementor-col-50 elementor-top-column elementor-element elementor-element-19f6b83\" data-id=\"19f6b83\" data-element_type=\"column\">\n\t\t\t<div class=\"elementor-widget-wrap elementor-element-populated\">\n\t\t\t\t\t\t<div class=\"elementor-element elementor-element-c1c3892 elementor-invisible elementor-widget elementor-widget-heading\" data-id=\"c1c3892\" data-element_type=\"widget\" data-settings=\"{&quot;_animation&quot;:&quot;fadeInDown&quot;}\" data-widget_type=\"heading.default\">\n\t\t\t\t<div class=\"elementor-widget-container\">\n\t\t\t<style>\/*! elementor - v3.23.0 - 25-07-2024 *\/\n.elementor-heading-title{padding:0;margin:0;line-height:1}.elementor-widget-heading .elementor-heading-title[class*=elementor-size-]>a{color:inherit;font-size:inherit;line-height:inherit}.elementor-widget-heading .elementor-heading-title.elementor-size-small{font-size:15px}.elementor-widget-heading .elementor-heading-title.elementor-size-medium{font-size:19px}.elementor-widget-heading .elementor-heading-title.elementor-size-large{font-size:29px}.elementor-widget-heading .elementor-heading-title.elementor-size-xl{font-size:39px}.elementor-widget-heading .elementor-heading-title.elementor-size-xxl{font-size:59px}<\/style><h2 class=\"elementor-heading-title elementor-size-default\">Quem somos<\/h2>\t\t<\/div>\n\t\t\t\t<\/div>\n\t\t\t\t<div class=\"elementor-element elementor-element-87b5de6 elementor-widget__width-initial elementor-invisible elementor-widget elementor-widget-heading\" data-id=\"87b5de6\" data-element_type=\"widget\" data-settings=\"{&quot;_animation&quot;:&quot;fadeInDown&quot;}\" data-widget_type=\"heading.default\">\n\t\t\t\t<div class=\"elementor-widget-container\">\n\t\t\t<div class=\"elementor-heading-title elementor-size-default\">No Manager Software, somos uma empresa dedicada a fornecer solu\u00e7\u00f5es de ERP (Enterprise Resource Planning) personalizadas para empresas de diversos segmentos, incluindo com\u00e9rcio, ind\u00fastrias e servi\u00e7os. Com uma equipe de especialistas em tecnologia e gest\u00e3o empresarial, nos empenhamos em entender as necessidades \u00fanicas de cada cliente e oferecer solu\u00e7\u00f5es que impulsionam a efici\u00eancia operacional, melhoram a tomada de decis\u00f5es e promovem o crescimento sustent\u00e1vel.\n<\/div>\t\t<\/div>\n\t\t\t\t<\/div>\n\t\t\t\t<div class=\"elementor-element elementor-element-dbacc3d elementor-widget__width-initial elementor-invisible elementor-widget elementor-widget-heading\" data-id=\"dbacc3d\" data-element_type=\"widget\" data-settings=\"{&quot;_animation&quot;:&quot;fadeInDown&quot;}\" data-widget_type=\"heading.default\">\n\t\t\t\t<div class=\"elementor-widget-container\">\n\t\t\t<div class=\"elementor-heading-title elementor-size-default\">Nossa gama de SISTEMAS ERPs \u00e9 projetada para se adaptar a diferentes perfis de empresas, garantindo que cada solu\u00e7\u00e3o seja perfeitamente ajustada \u00e0s demandas espec\u00edficas do setor. \nLevamos tecnologia de ponta com ferramentas inteligentes e simples que trazem seguran\u00e7a na sua gest\u00e3o com agilidade, facilitando a cria\u00e7\u00e3o de processos e procedimentos estrat\u00e9gicos, t\u00e1ticos e operacionais, proporcionando maior seguran\u00e7a na dire\u00e7\u00e3o dos seus objetivos e metas, garantindo resultados e lucratividade para a sua empresa.\n<\/div>\t\t<\/div>\n\t\t\t\t<\/div>\n\t\t\t\t<div class=\"elementor-element elementor-element-17764cf elementor-widget__width-initial elementor-invisible elementor-widget elementor-widget-heading\" data-id=\"17764cf\" data-element_type=\"widget\" data-settings=\"{&quot;_animation&quot;:&quot;fadeInDown&quot;}\" data-widget_type=\"heading.default\">\n\t\t\t\t<div class=\"elementor-widget-container\">\n\t\t\t<div class=\"elementor-heading-title elementor-size-default\">Acreditamos que um ERP eficiente \u00e9 a chave do sucesso de uma empresa para a transforma\u00e7\u00e3o estrat\u00e9gica dos neg\u00f3cios, com dados, informa\u00e7\u00f5es capazes de direcionar a empresa em busca dos seus proposito de forma mais segura e lavando na dire\u00e7\u00e3o do sucesso empresarial, e estamos comprometidos em entregar produtos de alta qualidade que atendam \u00e0s expectativas dos nossos clientes.\n\n<\/div>\t\t<\/div>\n\t\t\t\t<\/div>\n\t\t\t\t\t<\/div>\n\t\t<\/div>\n\t\t\t\t\t<\/div>\n\t\t<\/section>\n\t\t\t\t<section class=\"elementor-section elementor-top-section elementor-element elementor-element-17ab981 elementor-section-boxed elementor-section-height-default elementor-section-height-default\" data-id=\"17ab981\" data-element_type=\"section\" data-settings=\"{&quot;background_background&quot;:&quot;classic&quot;}\">\n\t\t\t\t\t\t<div class=\"elementor-container elementor-column-gap-default\">\n\t\t\t\t\t<div class=\"elementor-column elementor-col-100 elementor-top-column elementor-element elementor-element-8371fa9 bar-skills elementor-invisible\" data-id=\"8371fa9\" data-element_type=\"column\" data-settings=\"{&quot;animation&quot;:&quot;fadeInRight&quot;}\">\n\t\t\t<div class=\"elementor-widget-wrap elementor-element-populated\">\n\t\t\t\t\t\t<section class=\"elementor-section elementor-inner-section elementor-element elementor-element-b9d061b elementor-section-boxed elementor-section-height-default elementor-section-height-default\" data-id=\"b9d061b\" data-element_type=\"section\">\n\t\t\t\t\t\t<div class=\"elementor-container elementor-column-gap-default\">\n\t\t\t\t\t<div class=\"elementor-column elementor-col-50 elementor-inner-column elementor-element elementor-element-4b3d5b3 elementor-invisible\" data-id=\"4b3d5b3\" data-element_type=\"column\" data-settings=\"{&quot;animation&quot;:&quot;fadeInLeft&quot;}\">\n\t\t\t<div class=\"elementor-widget-wrap elementor-element-populated\">\n\t\t\t\t\t\t<div class=\"elementor-element elementor-element-4020ed6 elementor-widget elementor-widget-image-box\" data-id=\"4020ed6\" data-element_type=\"widget\" data-settings=\"{&quot;_animation&quot;:&quot;none&quot;}\" data-widget_type=\"image-box.default\">\n\t\t\t\t<div class=\"elementor-widget-container\">\n\t\t\t<style>\/*! elementor - v3.23.0 - 25-07-2024 *\/\n.elementor-widget-image-box .elementor-image-box-content{width:100%}@media (min-width:768px){.elementor-widget-image-box.elementor-position-left .elementor-image-box-wrapper,.elementor-widget-image-box.elementor-position-right .elementor-image-box-wrapper{display:flex}.elementor-widget-image-box.elementor-position-right .elementor-image-box-wrapper{text-align:end;flex-direction:row-reverse}.elementor-widget-image-box.elementor-position-left .elementor-image-box-wrapper{text-align:start;flex-direction:row}.elementor-widget-image-box.elementor-position-top .elementor-image-box-img{margin:auto}.elementor-widget-image-box.elementor-vertical-align-top .elementor-image-box-wrapper{align-items:flex-start}.elementor-widget-image-box.elementor-vertical-align-middle .elementor-image-box-wrapper{align-items:center}.elementor-widget-image-box.elementor-vertical-align-bottom .elementor-image-box-wrapper{align-items:flex-end}}@media (max-width:767px){.elementor-widget-image-box .elementor-image-box-img{margin-left:auto!important;margin-right:auto!important;margin-bottom:15px}}.elementor-widget-image-box .elementor-image-box-img{display:inline-block}.elementor-widget-image-box .elementor-image-box-title a{color:inherit}.elementor-widget-image-box .elementor-image-box-wrapper{text-align:center}.elementor-widget-image-box .elementor-image-box-description{margin:0}<\/style><div class=\"elementor-image-box-wrapper\"><div class=\"elementor-image-box-content\"><h3 class=\"elementor-image-box-title\">Miss\u00e3o<\/h3><p class=\"elementor-image-box-description\">Nossa miss\u00e3o \u00e9 capacitar empresas de diversos segmentos com solu\u00e7\u00f5es ERP inovadoras e integradas, proporcionando ferramentas que simplificam processos, aumentam a produtividade e melhoram a gest\u00e3o estrat\u00e9gica. Buscamos ser parceiros de nossos clientes na jornada rumo \u00e0 excel\u00eancia operacional, oferecendo suporte cont\u00ednuo e adaptando nossas solu\u00e7\u00f5es \u00e0s suas necessidades em constante evolu\u00e7\u00e3o, construindo caminhos e solu\u00e7\u00f5es para os seus objetivos.<\/p><\/div><\/div>\t\t<\/div>\n\t\t\t\t<\/div>\n\t\t\t\t\t<\/div>\n\t\t<\/div>\n\t\t\t\t<div class=\"elementor-column elementor-col-50 elementor-inner-column elementor-element elementor-element-3948f86 elementor-invisible\" data-id=\"3948f86\" data-element_type=\"column\" data-settings=\"{&quot;animation&quot;:&quot;fadeInDown&quot;}\">\n\t\t\t<div class=\"elementor-widget-wrap elementor-element-populated\">\n\t\t\t\t\t\t<div class=\"elementor-element elementor-element-14564ac elementor-invisible elementor-widget elementor-widget-image-box\" data-id=\"14564ac\" data-element_type=\"widget\" data-settings=\"{&quot;_animation&quot;:&quot;fadeInRight&quot;}\" data-widget_type=\"image-box.default\">\n\t\t\t\t<div class=\"elementor-widget-container\">\n\t\t\t<div class=\"elementor-image-box-wrapper\"><div class=\"elementor-image-box-content\"><h3 class=\"elementor-image-box-title\">Vis\u00e3o<\/h3><p class=\"elementor-image-box-description\">Ser reconhecida como a principal fornecedora de solu\u00e7\u00f5es ERP personalizadas, atendendo a uma ampla variedade de segmentos de mercado. Almejamos ser refer\u00eancia em inova\u00e7\u00e3o tecnol\u00f3gica e excel\u00eancia em atendimento ao cliente, contribuindo para o sucesso e crescimento sustent\u00e1vel das empresas que confiam em nossos produtos e servi\u00e7os.<\/p><\/div><\/div>\t\t<\/div>\n\t\t\t\t<\/div>\n\t\t\t\t\t<\/div>\n\t\t<\/div>\n\t\t\t\t\t<\/div>\n\t\t<\/section>\n\t\t\t\t<div class=\"elementor-element elementor-element-de85bd4 elementor-invisible elementor-widget elementor-widget-image-box\" data-id=\"de85bd4\" data-element_type=\"widget\" data-settings=\"{&quot;_animation&quot;:&quot;fadeInRight&quot;}\" data-widget_type=\"image-box.default\">\n\t\t\t\t<div class=\"elementor-widget-container\">\n\t\t\t<div class=\"elementor-image-box-wrapper\"><div class=\"elementor-image-box-content\"><h3 class=\"elementor-image-box-title\">Valores<\/h3><p class=\"elementor-image-box-description\">\u2022\tInova\u00e7\u00e3o: Investimos continuamente em tecnologia e desenvolvimento para oferecer solu\u00e7\u00f5es ERP avan\u00e7adas e eficientes.  \n\u2022Qualidade: Comprometemo-nos com a excel\u00eancia em tudo o que fazemos, garantindo produtos de alta qualidade e servi\u00e7os de suporte excepcionais.\n\u2022\tPersonaliza\u00e7\u00e3o: Reconhecemos que cada empresa \u00e9 \u00fanica, e oferecemos solu\u00e7\u00f5es que se adaptam perfeitamente \u00e0s necessidades espec\u00edficas de cada cliente.\n\u2022\tParceria: Valorizamos rela\u00e7\u00f5es de longo prazo com nossos clientes, trabalhando em conjunto para alcan\u00e7ar objetivos comuns e superar desafios.\n\u2022\tTranspar\u00eancia: Atuamos com honestidade e integridade em todas as nossas intera\u00e7\u00f5es, mantendo uma comunica\u00e7\u00e3o clara e aberta com nossos clientes e parceiros.\n\u2022\tComprometimento: Estamos dedicados ao sucesso de nossos clientes, oferecendo suporte cont\u00ednuo e solu\u00e7\u00f5es que evoluem conforme as demandas do mercado.\n<\/p><\/div><\/div>\t\t<\/div>\n\t\t\t\t<\/div>\n\t\t\t\t\t<\/div>\n\t\t<\/div>\n\t\t\t\t\t<\/div>\n\t\t<\/section>\n\t\t\t\t<section class=\"elementor-section elementor-top-section elementor-element elementor-element-5302b59d elementor-section-boxed elementor-section-height-default elementor-section-height-default\" data-id=\"5302b59d\" data-element_type=\"section\" id=\"xs_cta_style_22\">\n\t\t\t\t\t\t<div class=\"elementor-container elementor-column-gap-default\">\n\t\t\t\t\t<div class=\"elementor-column elementor-col-100 elementor-top-column elementor-element elementor-element-274248fd\" data-id=\"274248fd\" data-element_type=\"column\">\n\t\t\t<div class=\"elementor-widget-wrap elementor-element-populated\">\n\t\t\t\t\t\t<section class=\"elementor-section elementor-inner-section elementor-element elementor-element-2692fbcd elementor-section-boxed elementor-section-height-default elementor-section-height-default\" data-id=\"2692fbcd\" data-element_type=\"section\" data-settings=\"{&quot;background_background&quot;:&quot;classic&quot;}\">\n\t\t\t\t\t\t<div class=\"elementor-container elementor-column-gap-default\">\n\t\t\t\t\t<div class=\"elementor-column elementor-col-100 elementor-inner-column elementor-element elementor-element-dfd3636\" data-id=\"dfd3636\" data-element_type=\"column\">\n\t\t\t<div class=\"elementor-widget-wrap elementor-element-populated\">\n\t\t\t\t\t\t<div class=\"elementor-element elementor-element-1d1a5720 elementor-widget elementor-widget-elementskit-heading\" data-id=\"1d1a5720\" data-element_type=\"widget\" data-widget_type=\"elementskit-heading.default\">\n\t\t\t\t<div class=\"elementor-widget-container\">\n\t\t\t<div class=\"ekit-wid-con\" ><div class=\"ekit-heading elementskit-section-title-wraper center   ekit_heading_tablet-   ekit_heading_mobile-\"><h2 class=\"ekit-heading--title elementskit-section-title \">Fa\u00e7a Seu Or\u00e7amento Aqui<\/h2><\/div><\/div>\t\t<\/div>\n\t\t\t\t<\/div>\n\t\t\t\t<div class=\"elementor-element elementor-element-7a1ddbd0 elementor-widget elementor-widget-elementskit-button\" data-id=\"7a1ddbd0\" data-element_type=\"widget\" data-widget_type=\"elementskit-button.default\">\n\t\t\t\t<div class=\"elementor-widget-container\">\n\t\t\t<div class=\"ekit-wid-con\" >\t\t<div class=\"ekit-btn-wraper\">\n\t\t\t\t\t\t\t<a href=\"https:\/\/wa.me\/5528999725625\" class=\"elementskit-btn  whitespace--normal\" id=\"\">\n\t\t\t\t\tContato\t\t\t\t<\/a>\n\t\t\t\t\t<\/div>\n        <\/div>\t\t<\/div>\n\t\t\t\t<\/div>\n\t\t\t\t\t<\/div>\n\t\t<\/div>\n\t\t\t\t\t<\/div>\n\t\t<\/section>\n\t\t\t\t\t<\/div>\n\t\t<\/div>\n\t\t\t\t\t<\/div>\n\t\t<\/section>\n\t\t\t\t<\/div>\n\t\t","protected":false},"excerpt":{"rendered":"<p>Quem somos No Manager Software, somos uma empresa dedicada a fornecer solu\u00e7\u00f5es de ERP (Enterprise Resource Planning) personalizadas para empresas de diversos segmentos, incluindo com\u00e9rcio, ind\u00fastrias e servi\u00e7os. Com uma equipe de especialistas em tecnologia e gest\u00e3o empresarial, nos empenhamos &hellip; <a href=\"https:\/\/managersoftware.com.br\/?page_id=10972\">Consulte Mais informa\u00e7\u00e3o<\/a><\/p>\n","protected":false},"author":1,"featured_media":0,"parent":0,"menu_order":0,"comment_status":"closed","ping_status":"closed","template":"","meta":{"footnotes":""},"class_list":["post-10972","page","type-page","status-publish","hentry"],"_links":{"self":[{"href":"https:\/\/managersoftware.com.br\/index.php?rest_route=\/wp\/v2\/pages\/10972","targetHints":{"allow":["GET"]}}],"collection":[{"href":"https:\/\/managersoftware.com.br\/index.php?rest_route=\/wp\/v2\/pages"}],"about":[{"href":"https:\/\/managersoftware.com.br\/index.php?rest_route=\/wp\/v2\/types\/page"}],"author":[{"embeddable":true,"href":"https:\/\/managersoftware.com.br\/index.php?rest_route=\/wp\/v2\/users\/1"}],"replies":[{"embeddable":true,"href":"https:\/\/managersoftware.com.br\/index.php?rest_route=%2Fwp%2Fv2%2Fcomments&post=10972"}],"version-history":[{"count":20,"href":"https:\/\/managersoftware.com.br\/index.php?rest_route=\/wp\/v2\/pages\/10972\/revisions"}],"predecessor-version":[{"id":12743,"href":"https:\/\/managersoftware.com.br\/index.php?rest_route=\/wp\/v2\/pages\/10972\/revisions\/12743"}],"wp:attachment":[{"href":"https:\/\/managersoftware.com.br\/index.php?rest_route=%2Fwp%2Fv2%2Fmedia&parent=10972"}],"curies":[{"name":"wp","href":"https:\/\/api.w.org\/{rel}","templated":true}]}}