{"id":12750,"date":"2024-08-12T20:56:13","date_gmt":"2024-08-12T20:56:13","guid":{"rendered":"https:\/\/managersoftware.com.br\/?page_id=12750"},"modified":"2024-08-13T20:18:31","modified_gmt":"2024-08-13T20:18:31","slug":"solucoes-manager","status":"publish","type":"page","link":"https:\/\/managersoftware.com.br\/?page_id=12750","title":{"rendered":"Solu\u00e7\u00f5es Manager"},"content":{"rendered":"\t\t<div data-elementor-type=\"wp-page\" data-elementor-id=\"12750\" class=\"elementor elementor-12750\" data-elementor-post-type=\"page\">\n\t\t\t\t\t\t<section class=\"elementor-section elementor-top-section elementor-element elementor-element-4c23a793 content-service-single elementor-section-boxed elementor-section-height-default elementor-section-height-default\" data-id=\"4c23a793\" data-element_type=\"section\">\n\t\t\t\t\t\t<div class=\"elementor-container elementor-column-gap-default\">\n\t\t\t\t\t<div class=\"elementor-column elementor-col-100 elementor-top-column elementor-element elementor-element-502a6d43\" data-id=\"502a6d43\" data-element_type=\"column\">\n\t\t\t<div class=\"elementor-widget-wrap elementor-element-populated\">\n\t\t\t\t\t\t<div class=\"elementor-element elementor-element-d298a57 elementor-widget elementor-widget-heading\" data-id=\"d298a57\" data-element_type=\"widget\" data-widget_type=\"heading.default\">\n\t\t\t\t<div class=\"elementor-widget-container\">\n\t\t\t<style>\/*! elementor - v3.23.0 - 25-07-2024 *\/\n.elementor-heading-title{padding:0;margin:0;line-height:1}.elementor-widget-heading .elementor-heading-title[class*=elementor-size-]>a{color:inherit;font-size:inherit;line-height:inherit}.elementor-widget-heading .elementor-heading-title.elementor-size-small{font-size:15px}.elementor-widget-heading .elementor-heading-title.elementor-size-medium{font-size:19px}.elementor-widget-heading .elementor-heading-title.elementor-size-large{font-size:29px}.elementor-widget-heading .elementor-heading-title.elementor-size-xl{font-size:39px}.elementor-widget-heading .elementor-heading-title.elementor-size-xxl{font-size:59px}<\/style><h2 class=\"elementor-heading-title elementor-size-default\">Conhe\u00e7a Nossos Produtos <\/h2>\t\t<\/div>\n\t\t\t\t<\/div>\n\t\t\t\t<div class=\"elementor-element elementor-element-4ee05320 elementor-widget elementor-widget-heading\" data-id=\"4ee05320\" data-element_type=\"widget\" data-widget_type=\"heading.default\">\n\t\t\t\t<div class=\"elementor-widget-container\">\n\t\t\t<div class=\"elementor-heading-title elementor-size-default\">Para o Setor do M\u00e1rmore e Granito<\/div>\t\t<\/div>\n\t\t\t\t<\/div>\n\t\t\t\t<div class=\"elementor-element elementor-element-44777a2b elementor-widget elementor-widget-image\" data-id=\"44777a2b\" data-element_type=\"widget\" data-widget_type=\"image.default\">\n\t\t\t\t<div class=\"elementor-widget-container\">\n\t\t\t\t\t\t\t\t\t\t\t\t\t<img fetchpriority=\"high\" decoding=\"async\" width=\"1050\" height=\"525\" src=\"https:\/\/managersoftware.com.br\/wp-content\/uploads\/2024\/08\/Design-sem-nome-2024-08-13T170047.337.png\" class=\"attachment-full size-full wp-image-12761\" alt=\"Design sem nome - 2024-08-13T170047.337\" srcset=\"https:\/\/managersoftware.com.br\/wp-content\/uploads\/2024\/08\/Design-sem-nome-2024-08-13T170047.337.png 1050w, https:\/\/managersoftware.com.br\/wp-content\/uploads\/2024\/08\/Design-sem-nome-2024-08-13T170047.337-300x150.png 300w, https:\/\/managersoftware.com.br\/wp-content\/uploads\/2024\/08\/Design-sem-nome-2024-08-13T170047.337-1024x512.png 1024w, https:\/\/managersoftware.com.br\/wp-content\/uploads\/2024\/08\/Design-sem-nome-2024-08-13T170047.337-768x384.png 768w\" sizes=\"(max-width: 1050px) 100vw, 1050px\" title=\"Design sem nome - 2024-08-13T170047.337\" \/>\t\t\t\t\t\t\t\t\t\t\t\t\t<\/div>\n\t\t\t\t<\/div>\n\t\t\t\t<div class=\"elementor-element elementor-element-7c622b26 elementor-position-left elementor-vertical-align-top elementor-widget elementor-widget-image-box\" data-id=\"7c622b26\" data-element_type=\"widget\" data-widget_type=\"image-box.default\">\n\t\t\t\t<div class=\"elementor-widget-container\">\n\t\t\t<style>\/*! elementor - v3.23.0 - 25-07-2024 *\/\n.elementor-widget-image-box .elementor-image-box-content{width:100%}@media (min-width:768px){.elementor-widget-image-box.elementor-position-left .elementor-image-box-wrapper,.elementor-widget-image-box.elementor-position-right .elementor-image-box-wrapper{display:flex}.elementor-widget-image-box.elementor-position-right .elementor-image-box-wrapper{text-align:end;flex-direction:row-reverse}.elementor-widget-image-box.elementor-position-left .elementor-image-box-wrapper{text-align:start;flex-direction:row}.elementor-widget-image-box.elementor-position-top .elementor-image-box-img{margin:auto}.elementor-widget-image-box.elementor-vertical-align-top .elementor-image-box-wrapper{align-items:flex-start}.elementor-widget-image-box.elementor-vertical-align-middle .elementor-image-box-wrapper{align-items:center}.elementor-widget-image-box.elementor-vertical-align-bottom .elementor-image-box-wrapper{align-items:flex-end}}@media (max-width:767px){.elementor-widget-image-box .elementor-image-box-img{margin-left:auto!important;margin-right:auto!important;margin-bottom:15px}}.elementor-widget-image-box .elementor-image-box-img{display:inline-block}.elementor-widget-image-box .elementor-image-box-title a{color:inherit}.elementor-widget-image-box .elementor-image-box-wrapper{text-align:center}.elementor-widget-image-box .elementor-image-box-description{margin:0}<\/style><div class=\"elementor-image-box-wrapper\"><figure class=\"elementor-image-box-img\"><img decoding=\"async\" width=\"97\" height=\"92\" src=\"https:\/\/managersoftware.com.br\/wp-content\/uploads\/2024\/08\/Sobre-Nos-3.png\" class=\"attachment-full size-full wp-image-12756\" alt=\"Sobre No\u0301s (3)\" title=\"Sobre No\u0301s (3)\" \/><\/figure><div class=\"elementor-image-box-content\"><h3 class=\"elementor-image-box-title\">X Control <\/h3><p class=\"elementor-image-box-description\">Ferramenta de Gest\u00e3o de Custos para Marmorarias: Obtenha precis\u00e3o no c\u00e1lculo dos custos de produ\u00e7\u00e3o com nossa solu\u00e7\u00e3o inovadora. Ideal para marmorarias que buscam otimizar processos e maximizar lucros, esta ferramenta oferece an\u00e1lises detalhadas e insights valiosos, facilitando decis\u00f5es estrat\u00e9gicas e melhorando a efici\u00eancia operacional.<\/p><\/div><\/div>\t\t<\/div>\n\t\t\t\t<\/div>\n\t\t\t\t<div class=\"elementor-element elementor-element-e6e1a4c elementor-position-left elementor-vertical-align-top elementor-widget elementor-widget-image-box\" data-id=\"e6e1a4c\" data-element_type=\"widget\" data-widget_type=\"image-box.default\">\n\t\t\t\t<div class=\"elementor-widget-container\">\n\t\t\t<div class=\"elementor-image-box-wrapper\"><figure class=\"elementor-image-box-img\"><img decoding=\"async\" width=\"97\" height=\"92\" src=\"https:\/\/managersoftware.com.br\/wp-content\/uploads\/2024\/08\/Sobre-Nos-2.png\" class=\"attachment-full size-full wp-image-12757\" alt=\"Sobre No\u0301s (2)\" title=\"Sobre No\u0301s (2)\" \/><\/figure><div class=\"elementor-image-box-content\"><h3 class=\"elementor-image-box-title\">DRE Eletr\u00f4nica <\/h3><p class=\"elementor-image-box-description\">Sistema de DRE Din\u00e2mico: Integrado ao ERP do cliente, nosso sistema transforma dados financeiros em um Demonstrativo de Resultados do Exerc\u00edcio (DRE) claro e interativo. Com um plano de contas din\u00e2mico, oferece uma vis\u00e3o detalhada da sa\u00fade financeira da empresa, permitindo an\u00e1lises precisas e decis\u00f5es estrat\u00e9gicas mais informadas.<\/p><\/div><\/div>\t\t<\/div>\n\t\t\t\t<\/div>\n\t\t\t\t<div class=\"elementor-element elementor-element-27d238f elementor-position-left elementor-vertical-align-top elementor-widget elementor-widget-image-box\" data-id=\"27d238f\" data-element_type=\"widget\" data-widget_type=\"image-box.default\">\n\t\t\t\t<div class=\"elementor-widget-container\">\n\t\t\t<div class=\"elementor-image-box-wrapper\"><figure class=\"elementor-image-box-img\"><img loading=\"lazy\" decoding=\"async\" width=\"97\" height=\"92\" src=\"https:\/\/managersoftware.com.br\/wp-content\/uploads\/2024\/08\/10-1.png\" class=\"attachment-full size-full wp-image-12571\" alt=\"10\" title=\"10\" \/><\/figure><div class=\"elementor-image-box-content\"><h3 class=\"elementor-image-box-title\">Business Intelligence (BI)<\/h3><p class=\"elementor-image-box-description\">An\u00e1lise de dados e gera\u00e7\u00e3o de relat\u00f3rios estrat\u00e9gicos, dashboards personalizados e insights para tomada de decis\u00f5es informadas.<\/p><\/div><\/div>\t\t<\/div>\n\t\t\t\t<\/div>\n\t\t\t\t\t<\/div>\n\t\t<\/div>\n\t\t\t\t\t<\/div>\n\t\t<\/section>\n\t\t\t\t<section class=\"elementor-section elementor-top-section elementor-element elementor-element-5d4733a3 elementor-section-full_width elementor-section-height-default elementor-section-height-default\" data-id=\"5d4733a3\" data-element_type=\"section\" id=\"xs_cta_style_14\">\n\t\t\t\t\t\t<div class=\"elementor-container elementor-column-gap-default\">\n\t\t\t\t\t<div class=\"elementor-column elementor-col-100 elementor-top-column elementor-element elementor-element-1214e4b4\" data-id=\"1214e4b4\" data-element_type=\"column\">\n\t\t\t<div class=\"elementor-widget-wrap elementor-element-populated\">\n\t\t\t\t\t\t<section class=\"elementor-section elementor-inner-section elementor-element elementor-element-34d66c73 elementor-section-full_width elementor-section-height-default elementor-section-height-default\" data-id=\"34d66c73\" data-element_type=\"section\" data-settings=\"{&quot;background_background&quot;:&quot;classic&quot;}\">\n\t\t\t\t\t\t<div class=\"elementor-container elementor-column-gap-default\">\n\t\t\t\t\t<div class=\"elementor-column elementor-col-50 elementor-inner-column elementor-element elementor-element-3e87d40d\" data-id=\"3e87d40d\" data-element_type=\"column\">\n\t\t\t<div class=\"elementor-widget-wrap elementor-element-populated\">\n\t\t\t\t\t\t<div class=\"elementor-element elementor-element-81e6c63 elementor-widget elementor-widget-elementskit-heading\" data-id=\"81e6c63\" data-element_type=\"widget\" data-widget_type=\"elementskit-heading.default\">\n\t\t\t\t<div class=\"elementor-widget-container\">\n\t\t\t<div class=\"ekit-wid-con\" ><div class=\"ekit-heading elementskit-section-title-wraper text_left   ekit_heading_tablet-   ekit_heading_mobile-\"><h2 class=\"ekit-heading--title elementskit-section-title \">Acelere os resultados e otimize processos da sua empresa com nossos produtos.<\/h2><\/div><\/div>\t\t<\/div>\n\t\t\t\t<\/div>\n\t\t\t\t\t<\/div>\n\t\t<\/div>\n\t\t\t\t<div class=\"elementor-column elementor-col-50 elementor-inner-column elementor-element elementor-element-64fef7c2\" data-id=\"64fef7c2\" data-element_type=\"column\">\n\t\t\t<div class=\"elementor-widget-wrap elementor-element-populated\">\n\t\t\t\t\t\t<div class=\"elementor-element elementor-element-cba5953 elementor-widget elementor-widget-elementskit-button\" data-id=\"cba5953\" data-element_type=\"widget\" data-widget_type=\"elementskit-button.default\">\n\t\t\t\t<div class=\"elementor-widget-container\">\n\t\t\t<div class=\"ekit-wid-con\" >\t\t<div class=\"ekit-btn-wraper\">\n\t\t\t\t\t\t\t<a href=\"https:\/\/api.whatsapp.com\/send\/?phone=5528999725625&#038;text&#038;type=phone_number&#038;app_absent=0\" class=\"elementskit-btn  whitespace--normal\" id=\"\">\n\t\t\t\t\tFale conosco\t\t\t\t<\/a>\n\t\t\t\t\t<\/div>\n        <\/div>\t\t<\/div>\n\t\t\t\t<\/div>\n\t\t\t\t\t<\/div>\n\t\t<\/div>\n\t\t\t\t\t<\/div>\n\t\t<\/section>\n\t\t\t\t\t<\/div>\n\t\t<\/div>\n\t\t\t\t\t<\/div>\n\t\t<\/section>\n\t\t\t\t<\/div>\n\t\t","protected":false},"excerpt":{"rendered":"<p>Conhe\u00e7a Nossos Produtos Para o Setor do M\u00e1rmore e Granito X Control Ferramenta de Gest\u00e3o de Custos para Marmorarias: Obtenha precis\u00e3o no c\u00e1lculo dos custos de produ\u00e7\u00e3o com nossa solu\u00e7\u00e3o inovadora. Ideal para marmorarias que buscam otimizar processos e maximizar &hellip; <a href=\"https:\/\/managersoftware.com.br\/?page_id=12750\">Consulte Mais informa\u00e7\u00e3o<\/a><\/p>\n","protected":false},"author":1,"featured_media":0,"parent":0,"menu_order":0,"comment_status":"closed","ping_status":"closed","template":"","meta":{"footnotes":""},"class_list":["post-12750","page","type-page","status-publish","hentry"],"_links":{"self":[{"href":"https:\/\/managersoftware.com.br\/index.php?rest_route=\/wp\/v2\/pages\/12750","targetHints":{"allow":["GET"]}}],"collection":[{"href":"https:\/\/managersoftware.com.br\/index.php?rest_route=\/wp\/v2\/pages"}],"about":[{"href":"https:\/\/managersoftware.com.br\/index.php?rest_route=\/wp\/v2\/types\/page"}],"author":[{"embeddable":true,"href":"https:\/\/managersoftware.com.br\/index.php?rest_route=\/wp\/v2\/users\/1"}],"replies":[{"embeddable":true,"href":"https:\/\/managersoftware.com.br\/index.php?rest_route=%2Fwp%2Fv2%2Fcomments&post=12750"}],"version-history":[{"count":16,"href":"https:\/\/managersoftware.com.br\/index.php?rest_route=\/wp\/v2\/pages\/12750\/revisions"}],"predecessor-version":[{"id":12774,"href":"https:\/\/managersoftware.com.br\/index.php?rest_route=\/wp\/v2\/pages\/12750\/revisions\/12774"}],"wp:attachment":[{"href":"https:\/\/managersoftware.com.br\/index.php?rest_route=%2Fwp%2Fv2%2Fmedia&parent=12750"}],"curies":[{"name":"wp","href":"https:\/\/api.w.org\/{rel}","templated":true}]}}